{"id":10304,"date":"2021-10-04T18:46:10","date_gmt":"2021-10-04T18:46:10","guid":{"rendered":"https:\/\/boutique.hotelchateaulaurier.com\/?post_type=product&#038;p=10304"},"modified":"2024-11-13T03:19:02","modified_gmt":"2024-11-13T03:19:02","slug":"promo-card-origine","status":"publish","type":"product","link":"https:\/\/boutique.hotelchateaulaurier.com\/en\/produit\/promo-card-origine\/","title":{"rendered":"Promotion \u00d4rigine artisans h\u00f4teliers"},"content":{"rendered":"<h2>Buy a card valued of a $100 and&#8230;<\/h2>\n<p>&nbsp;<\/p>\n<p>you will receive another $25 (valid for one year from date of issue).<\/p>\n<p>Order by phone at 1 800 463-4453.<\/p>\n<p>Or by filling out the form on this page.<\/p>\n","protected":false},"excerpt":{"rendered":"<p>Buy a card valued of a $100 and&#8230; &nbsp; you will receive another $25 (valid for one year from date of issue). Order by phone at 1 800 463-4453. Or by filling out the form on this page.<\/p>\n","protected":false},"featured_media":16759,"template":"","meta":{"_acf_changed":false},"product_cat":[45],"product_tag":[],"class_list":{"0":"post-10304","1":"product","2":"type-product","3":"status-publish","4":"has-post-thumbnail","6":"product_cat-non-classe-en","7":"product_shipping_class-livraison-gratuite-en","9":"first","10":"instock","11":"shipping-taxable","12":"purchasable","13":"product-type-variable"},"acf":[],"yoast_head":"<!-- This site is optimized with the Yoast SEO plugin v25.2 - https:\/\/yoast.com\/wordpress\/plugins\/seo\/ -->\n<title>Promotion \u00d4rigine artisans h\u00f4teliers | Boutique H\u00f4tel Ch\u00e2teau Laurier<\/title>\n<meta name=\"robots\" content=\"noindex, nofollow\" \/>\n<meta property=\"og:locale\" content=\"en_US\" \/>\n<meta property=\"og:type\" content=\"article\" \/>\n<meta property=\"og:title\" content=\"Promotion \u00d4rigine artisans h\u00f4teliers | Boutique H\u00f4tel Ch\u00e2teau Laurier\" \/>\n<meta property=\"og:description\" content=\"Buy a card valued of a $100 and&#8230; &nbsp; you will receive another $25 (valid for one year from date of issue). Order by phone at 1 800 463-4453. Or by filling out the form on this page.\" \/>\n<meta property=\"og:url\" content=\"https:\/\/boutique.hotelchateaulaurier.com\/en\/produit\/promo-card-origine\/\" \/>\n<meta property=\"og:site_name\" content=\"Boutique H\u00f4tel Ch\u00e2teau Laurier\" \/>\n<meta property=\"article:modified_time\" content=\"2024-11-13T03:19:02+00:00\" \/>\n<meta property=\"og:image\" content=\"https:\/\/boutique.hotelchateaulaurier.com\/wp-content\/uploads\/2024\/11\/cartenoire-1.jpg\" \/>\n\t<meta property=\"og:image:width\" content=\"640\" \/>\n\t<meta property=\"og:image:height\" content=\"427\" \/>\n\t<meta property=\"og:image:type\" content=\"image\/jpeg\" \/>\n<meta name=\"twitter:card\" content=\"summary_large_image\" \/>\n<!-- \/ Yoast SEO plugin. -->","yoast_head_json":{"title":"Promotion \u00d4rigine artisans h\u00f4teliers | Boutique H\u00f4tel Ch\u00e2teau Laurier","robots":{"index":"noindex","follow":"nofollow"},"og_locale":"en_US","og_type":"article","og_title":"Promotion \u00d4rigine artisans h\u00f4teliers | Boutique H\u00f4tel Ch\u00e2teau Laurier","og_description":"Buy a card valued of a $100 and&#8230; &nbsp; you will receive another $25 (valid for one year from date of issue). Order by phone at 1 800 463-4453. Or by filling out the form on this page.","og_url":"https:\/\/boutique.hotelchateaulaurier.com\/en\/produit\/promo-card-origine\/","og_site_name":"Boutique H\u00f4tel Ch\u00e2teau Laurier","article_modified_time":"2024-11-13T03:19:02+00:00","og_image":[{"width":640,"height":427,"url":"https:\/\/boutique.hotelchateaulaurier.com\/wp-content\/uploads\/2024\/11\/cartenoire-1.jpg","type":"image\/jpeg"}],"twitter_card":"summary_large_image","schema":{"@context":"https:\/\/schema.org","@graph":[{"@type":"WebPage","@id":"https:\/\/boutique.hotelchateaulaurier.com\/en\/produit\/promo-card-origine\/","url":"https:\/\/boutique.hotelchateaulaurier.com\/en\/produit\/promo-card-origine\/","name":"Promotion \u00d4rigine artisans h\u00f4teliers | Boutique H\u00f4tel Ch\u00e2teau Laurier","isPartOf":{"@id":"https:\/\/boutique.hotelchateaulaurier.com\/en\/#website"},"primaryImageOfPage":{"@id":"https:\/\/boutique.hotelchateaulaurier.com\/en\/produit\/promo-card-origine\/#primaryimage"},"image":{"@id":"https:\/\/boutique.hotelchateaulaurier.com\/en\/produit\/promo-card-origine\/#primaryimage"},"thumbnailUrl":"https:\/\/boutique.hotelchateaulaurier.com\/wp-content\/uploads\/2024\/11\/cartenoire-1.jpg","datePublished":"2021-10-04T18:46:10+00:00","dateModified":"2024-11-13T03:19:02+00:00","breadcrumb":{"@id":"https:\/\/boutique.hotelchateaulaurier.com\/en\/produit\/promo-card-origine\/#breadcrumb"},"inLanguage":"en-US","potentialAction":[{"@type":"ReadAction","target":["https:\/\/boutique.hotelchateaulaurier.com\/en\/produit\/promo-card-origine\/"]}]},{"@type":"ImageObject","inLanguage":"en-US","@id":"https:\/\/boutique.hotelchateaulaurier.com\/en\/produit\/promo-card-origine\/#primaryimage","url":"https:\/\/boutique.hotelchateaulaurier.com\/wp-content\/uploads\/2024\/11\/cartenoire-1.jpg","contentUrl":"https:\/\/boutique.hotelchateaulaurier.com\/wp-content\/uploads\/2024\/11\/cartenoire-1.jpg","width":640,"height":427},{"@type":"BreadcrumbList","@id":"https:\/\/boutique.hotelchateaulaurier.com\/en\/produit\/promo-card-origine\/#breadcrumb","itemListElement":[{"@type":"ListItem","position":1,"name":"Accueil","item":"https:\/\/boutique.hotelchateaulaurier.com\/en\/"},{"@type":"ListItem","position":2,"name":"Promotion \u00d4rigine artisans h\u00f4teliers"}]},{"@type":"WebSite","@id":"https:\/\/boutique.hotelchateaulaurier.com\/en\/#website","url":"https:\/\/boutique.hotelchateaulaurier.com\/en\/","name":"Boutique H\u00f4tel Ch\u00e2teau Laurier","description":"","potentialAction":[{"@type":"SearchAction","target":{"@type":"EntryPoint","urlTemplate":"https:\/\/boutique.hotelchateaulaurier.com\/en\/?s={search_term_string}"},"query-input":{"@type":"PropertyValueSpecification","valueRequired":true,"valueName":"search_term_string"}}],"inLanguage":"en-US"}]}},"_links":{"self":[{"href":"https:\/\/boutique.hotelchateaulaurier.com\/en\/wp-json\/wp\/v2\/product\/10304","targetHints":{"allow":["GET"]}}],"collection":[{"href":"https:\/\/boutique.hotelchateaulaurier.com\/en\/wp-json\/wp\/v2\/product"}],"about":[{"href":"https:\/\/boutique.hotelchateaulaurier.com\/en\/wp-json\/wp\/v2\/types\/product"}],"wp:featuredmedia":[{"embeddable":true,"href":"https:\/\/boutique.hotelchateaulaurier.com\/en\/wp-json\/wp\/v2\/media\/16759"}],"wp:attachment":[{"href":"https:\/\/boutique.hotelchateaulaurier.com\/en\/wp-json\/wp\/v2\/media?parent=10304"}],"wp:term":[{"taxonomy":"product_cat","embeddable":true,"href":"https:\/\/boutique.hotelchateaulaurier.com\/en\/wp-json\/wp\/v2\/product_cat?post=10304"},{"taxonomy":"product_tag","embeddable":true,"href":"https:\/\/boutique.hotelchateaulaurier.com\/en\/wp-json\/wp\/v2\/product_tag?post=10304"}],"curies":[{"name":"wp","href":"https:\/\/api.w.org\/{rel}","templated":true}]}}